{"id":5,"date":"2009-01-20T22:15:53","date_gmt":"2009-01-20T21:15:53","guid":{"rendered":"http:\/\/snooker.org.pl\/blog\/?page_id=5"},"modified":"2021-11-14T16:07:33","modified_gmt":"2021-11-14T15:07:33","slug":"o-fundacji","status":"publish","type":"page","link":"https:\/\/snooker.org.pl\/blog\/o-fundacji\/","title":{"rendered":"O fundacji"},"content":{"rendered":"<p><strong>Fundacja snooker.org.pl<\/strong> &#8211; <a href=\"http:\/\/snooker.org.pl\/blog\/wp-content\/uploads\/2009\/02\/statut_sad.pdf\">Statut Fundacji<\/a><\/p>\n<p>Powo\u0142ana na podstawie aktu notarialnego sporz\u0105dzonego w Warszawie, przy ulicy Kleczewskiej 49 w Kancelarii Notarialnej Gra\u017cyny Beaty Socha w dniu 7 stycznia 2009 roku, repertorium A nr 29\/2009. Wpisana do KRSu dnia 19 lutego 2009 roku.<\/p>\n<p>S\u0105d Rejonowy dla m.st. Warszawy<br \/>\nXIII Wydz. Gospodarczy Krajowego Rejestru S\u0105dowego<\/p>\n<p><strong>KRS:<\/strong> 0000323987<br \/>\n<strong>NIP:<\/strong> 118-19-83-856<br \/>\n<strong>REGON:<\/strong> 141750648<br \/>\nFundusz za\u0142o\u017cycielski: 500 z\u0142<\/p>\n<p><strong>Adres korespondencyjny fundacji<\/strong><br \/>\nOczapowskiego 4 lok. 1<br \/>\n01-843 Warszawa<\/p>\n<p><strong>Rachunek bankowy:<\/strong><br \/>\n86 1750 0012 0000 0000 2176 5937<br \/>\n<strong>Dane banku:<\/strong><br \/>\nBNP Paribas Bank Polska Sp\u00f3\u0142ka Akcyjna<br \/>\nSWIFT: PPABPLPKXXX<\/p>\n","protected":false},"excerpt":{"rendered":"<p>Fundacja snooker.org.pl &#8211; Statut Fundacji Powo\u0142ana na podstawie aktu notarialnego sporz\u0105dzonego w Warszawie, przy ulicy Kleczewskiej 49 w Kancelarii Notarialnej Gra\u017cyny Beaty Socha w dniu 7 stycznia 2009 roku, repertorium A nr 29\/2009. Wpisana do KRSu dnia 19 lutego 2009 roku. S\u0105d Rejonowy dla m.st. Warszawy XIII Wydz. Gospodarczy Krajowego Rejestru S\u0105dowego KRS: 0000323987 NIP: [&hellip;]<\/p>\n","protected":false},"author":1,"featured_media":0,"parent":0,"menu_order":1,"comment_status":"closed","ping_status":"open","template":"","meta":{"footnotes":""},"class_list":["post-5","page","type-page","status-publish","hentry"],"_links":{"self":[{"href":"https:\/\/snooker.org.pl\/blog\/wp-json\/wp\/v2\/pages\/5","targetHints":{"allow":["GET"]}}],"collection":[{"href":"https:\/\/snooker.org.pl\/blog\/wp-json\/wp\/v2\/pages"}],"about":[{"href":"https:\/\/snooker.org.pl\/blog\/wp-json\/wp\/v2\/types\/page"}],"author":[{"embeddable":true,"href":"https:\/\/snooker.org.pl\/blog\/wp-json\/wp\/v2\/users\/1"}],"replies":[{"embeddable":true,"href":"https:\/\/snooker.org.pl\/blog\/wp-json\/wp\/v2\/comments?post=5"}],"version-history":[{"count":28,"href":"https:\/\/snooker.org.pl\/blog\/wp-json\/wp\/v2\/pages\/5\/revisions"}],"predecessor-version":[{"id":365,"href":"https:\/\/snooker.org.pl\/blog\/wp-json\/wp\/v2\/pages\/5\/revisions\/365"}],"wp:attachment":[{"href":"https:\/\/snooker.org.pl\/blog\/wp-json\/wp\/v2\/media?parent=5"}],"curies":[{"name":"wp","href":"https:\/\/api.w.org\/{rel}","templated":true}]}}