{"id":47,"date":"2010-01-24T19:36:49","date_gmt":"2010-01-24T18:36:49","guid":{"rendered":"http:\/\/snooker.org.pl\/blog\/?page_id=47"},"modified":"2013-04-06T13:57:14","modified_gmt":"2013-04-06T12:57:14","slug":"sprawozdawczosc","status":"publish","type":"page","link":"https:\/\/snooker.org.pl\/blog\/o-fundacji\/sprawozdawczosc\/","title":{"rendered":"Sprawozdawczo\u015b\u0107"},"content":{"rendered":"<p>Fundacja prowadzi ksi\u0119gowo\u015b\u0107 m.in. na podstawie Ustawy z dnia 29 wrze\u015bnia 1994 r. o rachunkowo\u015bci (Dz.U. 1994 nr 121 poz. 591 z p\u00f3\u017a. zm.) i Rozporz\u0105dzenia Ministra Finans\u00f3w z dnia 15 listopada 2001 r. w sprawie szczeg\u00f3lnych zasad rachunkowo\u015bci dla niekt\u00f3rych jednostek nieb\u0119d\u0105cych sp\u00f3\u0142kami handlowymi, nieprowadz\u0105cych dzia\u0142alno\u015bci gospodarczej (Dz.U. 2001 nr 137 poz. 1539 z p\u00f3\u017a. zm.).<\/p>\n<p><a href=\"http:\/\/snooker.org.pl\/blog\/wp-content\/uploads\/2010\/01\/2009_s.pdf\">Sprawozdanie z dzia\u0142alno\u015bci fundacji w roku 2009<\/a><br \/>\n<a href=\"http:\/\/snooker.org.pl\/blog\/wp-content\/uploads\/2010\/01\/2009_bilans.pdf\">Bilans za rok 2009<\/a>; <a href=\"http:\/\/snooker.org.pl\/blog\/wp-content\/uploads\/2010\/01\/2009_rzs.pdf\">Rachunek Zysk\u00f3w i Strat za rok 2009<\/a>; <a href=\"http:\/\/snooker.org.pl\/blog\/wp-content\/uploads\/2010\/01\/informacja-dodatkowa.pdf\">Informacja dodatkowa za rok 2009<\/a><\/p>\n<p><a href=\"http:\/\/snooker.org.pl\/blog\/wp-content\/uploads\/2011\/08\/2010_s.pdf\">Sprawozdanie z dzia\u0142alno\u015bci fundacji w roku 2010<\/a><br \/>\n<a href=\"http:\/\/snooker.org.pl\/blog\/wp-content\/uploads\/2011\/08\/2010_bilans.pdf\">Bilans za rok 2010<\/a>; <a href=\"http:\/\/snooker.org.pl\/blog\/wp-content\/uploads\/2011\/08\/2010_rzs.pdf\">Rachunek Zysk\u00f3w i Strat za rok 2010<\/a>; <a href=\"http:\/\/snooker.org.pl\/blog\/wp-content\/uploads\/2011\/08\/2010_informacja-dodatkowa.pdf\">Informacja dodatkowa za rok 2010<\/a><\/p>\n<p><a href=\"http:\/\/snooker.org.pl\/blog\/wp-content\/uploads\/2012\/12\/2011_s.pdf\">Sprawozdanie z dzia\u0142alno\u015bci fundacji w roku 2011<\/a><br \/>\n<a href=\"http:\/\/snooker.org.pl\/blog\/wp-content\/uploads\/2012\/12\/2011_bilans.pdf\">Bilans za rok 2011<\/a>; <a href=\"http:\/\/snooker.org.pl\/blog\/wp-content\/uploads\/2012\/12\/2011_rachwy.pdf\">Rachunek Zysk\u00f3w i Strat za rok 2011<\/a>; <a href=\"http:\/\/snooker.org.pl\/blog\/wp-content\/uploads\/2012\/12\/2011_informacja_dodatkowa.pdf\">Informacja dodatkowa za rok 2011<\/a><\/p>\n<p><a href=\"http:\/\/snooker.org.pl\/blog\/wp-content\/uploads\/2010\/01\/ss_2012.pdf\">Sprawozdanie z dzia\u0142alno\u015bci fundacji w roku 2012<\/a><br \/>\n<a href=\"http:\/\/snooker.org.pl\/blog\/wp-content\/uploads\/2010\/01\/sf_2012.pdf\">Sprawozdanie finansowe za rok 2012<\/a><\/p>\n","protected":false},"excerpt":{"rendered":"<p>Fundacja prowadzi ksi\u0119gowo\u015b\u0107 m.in. na podstawie Ustawy z dnia 29 wrze\u015bnia 1994 r. o rachunkowo\u015bci (Dz.U. 1994 nr 121 poz. 591 z p\u00f3\u017a. zm.) i Rozporz\u0105dzenia Ministra Finans\u00f3w z dnia 15 listopada 2001 r. w sprawie szczeg\u00f3lnych zasad rachunkowo\u015bci dla niekt\u00f3rych jednostek nieb\u0119d\u0105cych sp\u00f3\u0142kami handlowymi, nieprowadz\u0105cych dzia\u0142alno\u015bci gospodarczej (Dz.U. 2001 nr 137 poz. 1539 z [&hellip;]<\/p>\n","protected":false},"author":1,"featured_media":0,"parent":5,"menu_order":0,"comment_status":"open","ping_status":"open","template":"","meta":{"footnotes":""},"class_list":["post-47","page","type-page","status-publish","hentry"],"_links":{"self":[{"href":"https:\/\/snooker.org.pl\/blog\/wp-json\/wp\/v2\/pages\/47","targetHints":{"allow":["GET"]}}],"collection":[{"href":"https:\/\/snooker.org.pl\/blog\/wp-json\/wp\/v2\/pages"}],"about":[{"href":"https:\/\/snooker.org.pl\/blog\/wp-json\/wp\/v2\/types\/page"}],"author":[{"embeddable":true,"href":"https:\/\/snooker.org.pl\/blog\/wp-json\/wp\/v2\/users\/1"}],"replies":[{"embeddable":true,"href":"https:\/\/snooker.org.pl\/blog\/wp-json\/wp\/v2\/comments?post=47"}],"version-history":[{"count":11,"href":"https:\/\/snooker.org.pl\/blog\/wp-json\/wp\/v2\/pages\/47\/revisions"}],"predecessor-version":[{"id":223,"href":"https:\/\/snooker.org.pl\/blog\/wp-json\/wp\/v2\/pages\/47\/revisions\/223"}],"up":[{"embeddable":true,"href":"https:\/\/snooker.org.pl\/blog\/wp-json\/wp\/v2\/pages\/5"}],"wp:attachment":[{"href":"https:\/\/snooker.org.pl\/blog\/wp-json\/wp\/v2\/media?parent=47"}],"curies":[{"name":"wp","href":"https:\/\/api.w.org\/{rel}","templated":true}]}}