{"id":45,"date":"2009-02-25T19:41:13","date_gmt":"2009-02-25T18:41:13","guid":{"rendered":"http:\/\/snooker.org.pl\/blog\/?page_id=45"},"modified":"2009-03-12T12:20:15","modified_gmt":"2009-03-12T11:20:15","slug":"organy-fundacji","status":"publish","type":"page","link":"https:\/\/snooker.org.pl\/blog\/o-fundacji\/organy-fundacji\/","title":{"rendered":"Organy fundacji"},"content":{"rendered":"<p>Zgodnie z statutem Fundacji Snooker.org.pl w fundacji istniej\u0105 dwa organy, Zarz\u0105d Fundacji oraz Rada Fundacji.<\/p>\n<p><strong>Sk\u0142ad Zarz\u0105du Fundacji<\/strong><br \/>\nAdam Pi\u00f3rko &#8211; Prezes Zarz\u0105du<\/p>\n<p><strong>Sk\u0142ad Rady Fundacji<\/strong><br \/>\nMonika Pi\u00f3rko &#8211; Cz\u0142onek Rady<br \/>\nKrzysztof Kruk &#8211; Cz\u0142onek Rady<br \/>\nAdam Pi\u00f3rko &#8211; Cz\u0142onek Rady<\/p>\n","protected":false},"excerpt":{"rendered":"<p>Zgodnie z statutem Fundacji Snooker.org.pl w fundacji istniej\u0105 dwa organy, Zarz\u0105d Fundacji oraz Rada Fundacji. Sk\u0142ad Zarz\u0105du Fundacji Adam Pi\u00f3rko &#8211; Prezes Zarz\u0105du Sk\u0142ad Rady Fundacji Monika Pi\u00f3rko &#8211; Cz\u0142onek Rady Krzysztof Kruk &#8211; Cz\u0142onek Rady Adam Pi\u00f3rko &#8211; Cz\u0142onek Rady<\/p>\n","protected":false},"author":1,"featured_media":0,"parent":5,"menu_order":0,"comment_status":"closed","ping_status":"open","template":"","meta":{"footnotes":""},"class_list":["post-45","page","type-page","status-publish","hentry"],"_links":{"self":[{"href":"https:\/\/snooker.org.pl\/blog\/wp-json\/wp\/v2\/pages\/45","targetHints":{"allow":["GET"]}}],"collection":[{"href":"https:\/\/snooker.org.pl\/blog\/wp-json\/wp\/v2\/pages"}],"about":[{"href":"https:\/\/snooker.org.pl\/blog\/wp-json\/wp\/v2\/types\/page"}],"author":[{"embeddable":true,"href":"https:\/\/snooker.org.pl\/blog\/wp-json\/wp\/v2\/users\/1"}],"replies":[{"embeddable":true,"href":"https:\/\/snooker.org.pl\/blog\/wp-json\/wp\/v2\/comments?post=45"}],"version-history":[{"count":2,"href":"https:\/\/snooker.org.pl\/blog\/wp-json\/wp\/v2\/pages\/45\/revisions"}],"predecessor-version":[{"id":62,"href":"https:\/\/snooker.org.pl\/blog\/wp-json\/wp\/v2\/pages\/45\/revisions\/62"}],"up":[{"embeddable":true,"href":"https:\/\/snooker.org.pl\/blog\/wp-json\/wp\/v2\/pages\/5"}],"wp:attachment":[{"href":"https:\/\/snooker.org.pl\/blog\/wp-json\/wp\/v2\/media?parent=45"}],"curies":[{"name":"wp","href":"https:\/\/api.w.org\/{rel}","templated":true}]}}