{"id":259,"date":"2012-10-22T20:18:22","date_gmt":"2012-10-22T19:18:22","guid":{"rendered":"http:\/\/snooker.org.pl\/blog\/?page_id=259"},"modified":"2012-12-23T12:06:39","modified_gmt":"2012-12-23T11:06:39","slug":"plebiscyt-sms","status":"publish","type":"page","link":"https:\/\/snooker.org.pl\/blog\/plebiscyt\/plebiscyt-sms\/","title":{"rendered":"G\u0142osowanie SMS"},"content":{"rendered":"<p>Aby odda\u0107 g\u0142os w Plebiscycie na Najpopularniejszego Snookerzyst\u0119 2013 roku wy\u015blij SMS na numer <strong>70068 <\/strong>o tre\u015bci <strong>TC.PL.Numer kandydata<\/strong><br \/>\nPrzyk\u0142ad: TC.PL.5<br \/>\nUwaga! Serwis przeznaczony wy\u0142\u0105cznie dla os\u00f3b pe\u0142noletnich!<br \/>\nUs\u0142uga dzia\u0142a w sieciach operator\u00f3w: Plus GSM, T-Mobile, Orange i Play.<br \/>\nW\u0142a\u015bciciel serwisu: Fundacja snooker.org.pl, osoba kontaktowa: <a href=\"mailto:fundacja@snooker.org.pl\">Adam Pi\u00f3rko<\/a>.<br \/>\nSerwis SMS obs\u0142uguje firma DotPay.pl.<br \/>\nKoszt przes\u0142ania wiadomo\u015bci to <strong>0,63 brutto (0,50 z\u0142 netto)<\/strong>.<br \/>\n<a href=\"http:\/\/www.dotpay.pl\/files\/dotpay_regulamin_uslug_premium_pl.pdf\">Regulamin<\/a>, <a href=\"http:\/\/www.dotpay.pl\/Informacje\/Regulaminy_serwisu_Dotpay\/Regulamin_serwisow_sms\">Formularz reklamacyjny<\/a><\/p>\n<p>Lista kandydat\u00f3w do tytu\u0142u:<\/p>\n<p>1. Baranowski Mateusz (Zielona G\u00f3ra) &#8211; tre\u015b\u0107 SMS: <strong>TC.PL.1<\/strong><br \/>\n2. Biernadski Grzegorz (Warszawa) &#8211; tre\u015b\u0107 SMS: <strong>TC.PL.2<\/strong><br \/>\n3. Ebert Micha\u0142 (Warszawa) &#8211; tre\u015b\u0107 SMS: <strong>TC.PL.3<\/strong><br \/>\n4. Giera\u0142towski Tomasz (Braniewo) &#8211; tre\u015b\u0107 SMS: <strong>TC.PL.4<\/strong><br \/>\n5. G\u00f3rniak Krzysztof (Liche\u0144 Stary) &#8211; tre\u015b\u0107 SMS: <strong>TC.PL.5<\/strong><br \/>\n6. Kowalski Jaros\u0142aw (Warszawa) &#8211; tre\u015b\u0107 SMS: <strong>TC.PL.6<\/strong><br \/>\n7. Mas\u0142owski Patryk (Toru\u0144) &#8211; tre\u015b\u0107 SMS:<strong> TC.PL.7<\/strong><br \/>\n8. Mergies Hanna (Wroc\u0142aw) &#8211; tre\u015b\u0107 SMS: <strong>TC.PL.8<\/strong><br \/>\n9. Nitschke Marcin (Zielona G\u00f3ra) &#8211; tre\u015b\u0107 SMS: <strong>TC.PL.9<\/strong><br \/>\n10. Nowicka Weronika (Zielona G\u00f3ra) &#8211; tre\u015b\u0107 SMS: <strong>TC.PL.10<\/strong><br \/>\n11. Pawi\u0144ska Ewa (Warszawa) &#8211; tre\u015b\u0107 SMS: <strong>TC.PL.11<\/strong><br \/>\n12. Prokopyszak Tetiana (Warszawa) &#8211; tre\u015b\u0107 SMS: <strong>TC.PL.12<\/strong><br \/>\n13. Relich Maciej (Szczecin) &#8211; tre\u015b\u0107 SMS: <strong>TC.PL.13<\/strong><br \/>\n14. Rogoza Pawe\u0142 (Szczecin) &#8211; tre\u015b\u0107 SMS: <strong>TC.PL.14<\/strong><br \/>\n15. Stefan\u00f3w Adam (Zielona G\u00f3ra) &#8211; tre\u015b\u0107 SMS: <strong>TC.PL.15<\/strong><br \/>\n16. Szuba-Jab\u0142o\u0144ski Karol (Pozna\u0144) &#8211; tre\u015b\u0107 SMS: <strong>TC.PL.16<\/strong><br \/>\n17. \u015alugacz Sebastian (Kalisz) &#8211; tre\u015b\u0107 SMS: <strong>TC.PL.17<\/strong><br \/>\n18. Wr\u00f3bel Krzysztof (Wroc\u0142aw) &#8211; tre\u015b\u0107 SMS: <strong>TC.PL.18<\/strong><br \/>\n19. Zubrzycki Kamil (Wroc\u0142aw) &#8211; tre\u015b\u0107 SMS: <strong>TC.PL.19<\/strong><\/p>\n","protected":false},"excerpt":{"rendered":"<p>Aby odda\u0107 g\u0142os w Plebiscycie na Najpopularniejszego Snookerzyst\u0119 2013 roku wy\u015blij SMS na numer 70068 o tre\u015bci TC.PL.Numer kandydata Przyk\u0142ad: TC.PL.5 Uwaga! Serwis przeznaczony wy\u0142\u0105cznie dla os\u00f3b pe\u0142noletnich! Us\u0142uga dzia\u0142a w sieciach operator\u00f3w: Plus GSM, T-Mobile, Orange i Play. W\u0142a\u015bciciel serwisu: Fundacja snooker.org.pl, osoba kontaktowa: Adam Pi\u00f3rko. Serwis SMS obs\u0142uguje firma DotPay.pl. Koszt przes\u0142ania wiadomo\u015bci [&hellip;]<\/p>\n","protected":false},"author":1,"featured_media":0,"parent":170,"menu_order":0,"comment_status":"open","ping_status":"open","template":"","meta":{"footnotes":""},"class_list":["post-259","page","type-page","status-publish","hentry"],"_links":{"self":[{"href":"https:\/\/snooker.org.pl\/blog\/wp-json\/wp\/v2\/pages\/259","targetHints":{"allow":["GET"]}}],"collection":[{"href":"https:\/\/snooker.org.pl\/blog\/wp-json\/wp\/v2\/pages"}],"about":[{"href":"https:\/\/snooker.org.pl\/blog\/wp-json\/wp\/v2\/types\/page"}],"author":[{"embeddable":true,"href":"https:\/\/snooker.org.pl\/blog\/wp-json\/wp\/v2\/users\/1"}],"replies":[{"embeddable":true,"href":"https:\/\/snooker.org.pl\/blog\/wp-json\/wp\/v2\/comments?post=259"}],"version-history":[{"count":10,"href":"https:\/\/snooker.org.pl\/blog\/wp-json\/wp\/v2\/pages\/259\/revisions"}],"predecessor-version":[{"id":290,"href":"https:\/\/snooker.org.pl\/blog\/wp-json\/wp\/v2\/pages\/259\/revisions\/290"}],"up":[{"embeddable":true,"href":"https:\/\/snooker.org.pl\/blog\/wp-json\/wp\/v2\/pages\/170"}],"wp:attachment":[{"href":"https:\/\/snooker.org.pl\/blog\/wp-json\/wp\/v2\/media?parent=259"}],"curies":[{"name":"wp","href":"https:\/\/api.w.org\/{rel}","templated":true}]}}